{"id":11,"date":"2025-03-31T22:40:48","date_gmt":"2025-03-31T22:40:48","guid":{"rendered":"https:\/\/casasdosvimes.local\/?page_id=11"},"modified":"2025-05-31T20:29:40","modified_gmt":"2025-05-31T20:29:40","slug":"home-2-2","status":"publish","type":"page","link":"https:\/\/casasdosvimes.pt\/en\/","title":{"rendered":"Home"},"content":{"rendered":"<div data-elementor-type=\"wp-page\" data-elementor-id=\"11\" class=\"elementor elementor-11\" data-elementor-post-type=\"page\">\n\t\t\t\t<div class=\"elementor-element elementor-element-2a42f63 e-flex e-con-boxed e-con e-parent\" data-id=\"2a42f63\" data-element_type=\"container\" data-e-type=\"container\" data-settings=\"{&quot;background_background&quot;:&quot;classic&quot;,&quot;shape_divider_bottom&quot;:&quot;tilt&quot;,&quot;animation&quot;:&quot;none&quot;}\">\n\t\t\t\t\t<div class=\"e-con-inner\">\n\t\t\t\t<div class=\"elementor-shape elementor-shape-bottom\" aria-hidden=\"true\" data-negative=\"false\">\n\t\t\t<svg xmlns=\"http:\/\/www.w3.org\/2000\/svg\" viewbox=\"0 0 1000 100\" preserveaspectratio=\"none\">\n\t<path class=\"elementor-shape-fill\" d=\"M0,6V0h1000v100L0,6z\"\/>\n<\/svg>\t\t<\/div>\n\t\t<div class=\"elementor-element elementor-element-08ba659 e-con-full e-flex e-con e-child\" data-id=\"08ba659\" data-element_type=\"container\" data-e-type=\"container\">\n\t\t\t\t<div class=\"elementor-element elementor-element-2efbf61 elementor-widget elementor-widget-heading\" data-id=\"2efbf61\" data-element_type=\"widget\" data-e-type=\"widget\" data-widget_type=\"heading.default\">\n\t\t\t\t<div class=\"elementor-widget-container\">\n\t\t\t\t\t<h1 class=\"elementor-heading-title elementor-size-default\">Casas dos Vimes<\/h1>\t\t\t\t<\/div>\n\t\t\t\t<\/div>\n\t\t\t\t<div class=\"elementor-element elementor-element-9c63a77 elementor-widget-divider--view-line_text elementor-widget-divider--element-align-center elementor-widget elementor-widget-divider\" data-id=\"9c63a77\" data-element_type=\"widget\" data-e-type=\"widget\" data-widget_type=\"divider.default\">\n\t\t\t\t<div class=\"elementor-widget-container\">\n\t\t\t\t\t\t\t<div class=\"elementor-divider\">\n\t\t\t<span class=\"elementor-divider-separator\">\n\t\t\t\t\t\t\t<h2 class=\"elementor-divider__text elementor-divider__element\">\n\t\t\t\tRural Turism\t\t\t\t<\/h2>\n\t\t\t\t\t\t<\/span>\n\t\t<\/div>\n\t\t\t\t\t\t<\/div>\n\t\t\t\t<\/div>\n\t\t\t\t<div class=\"elementor-element elementor-element-a54eae2 elementor-widget elementor-widget-text-editor\" data-id=\"a54eae2\" data-element_type=\"widget\" data-e-type=\"widget\" data-widget_type=\"text-editor.default\">\n\t\t\t\t<div class=\"elementor-widget-container\">\n\t\t\t\t\t\t\t\t\t\n\n<p>The<strong> Casas dos Vimes<\/strong> are a structure of<strong> rural tourism, <\/strong>consisting of four houses and an apartment of traditional architecture, located in one of the most beautiful<strong> Faj\u00e3s<\/strong> from the<strong> S\u00e3o Jorge Island<\/strong>, in <strong>Azores<\/strong>.\n<\/p>\n\n<p>Provide<strong> rural accommodation<\/strong> in the form of country houses, integrated into the <strong>Biosphere Reserve.<\/strong>\n<\/p>\n\n<p>THE <strong>Faj\u00e3 dos Vimes<\/strong> is located on the south coast of <strong> S\u00e3o Jorge Island<\/strong>, with a 180 degree perspective over the sea, creating a magnificent scenery with the islands of Pico and Faial.\n<\/p>\n\t\t\t\t\t\t\t\t<\/div>\n\t\t\t\t<\/div>\n\t\t\t\t<div class=\"elementor-element elementor-element-5651b8d elementor-widget-divider--view-line elementor-widget elementor-widget-divider\" data-id=\"5651b8d\" data-element_type=\"widget\" data-e-type=\"widget\" data-widget_type=\"divider.default\">\n\t\t\t\t<div class=\"elementor-widget-container\">\n\t\t\t\t\t\t\t<div class=\"elementor-divider\">\n\t\t\t<span class=\"elementor-divider-separator\">\n\t\t\t\t\t\t<\/span>\n\t\t<\/div>\n\t\t\t\t\t\t<\/div>\n\t\t\t\t<\/div>\n\t\t\t\t<\/div>\n\t\t<div class=\"elementor-element elementor-element-2caf89b e-con-full e-flex e-con e-child\" data-id=\"2caf89b\" data-element_type=\"container\" data-e-type=\"container\" data-settings=\"{&quot;background_background&quot;:&quot;classic&quot;}\">\n\t\t\t\t<div class=\"elementor-element elementor-element-aa12f3a elementor-widget elementor-widget-image\" data-id=\"aa12f3a\" data-element_type=\"widget\" data-e-type=\"widget\" data-widget_type=\"image.default\">\n\t\t\t\t<div class=\"elementor-widget-container\">\n\t\t\t\t\t\t\t\t\t\t\t\t\t\t\t<img fetchpriority=\"high\" decoding=\"async\" width=\"225\" height=\"225\" src=\"https:\/\/casasdosvimes.pt\/wp-content\/uploads\/2025\/04\/casas-dos-vimes-8.webp\" class=\"attachment-full size-full wp-image-94\" alt=\"Casas dos Vimes - Turismo Rural\" srcset=\"https:\/\/casasdosvimes.pt\/wp-content\/uploads\/2025\/04\/casas-dos-vimes-8.webp 225w, https:\/\/casasdosvimes.pt\/wp-content\/uploads\/2025\/04\/casas-dos-vimes-8-150x150.webp 150w\" sizes=\"(max-width: 225px) 100vw, 225px\" \/>\t\t\t\t\t\t\t\t\t\t\t\t\t\t\t<\/div>\n\t\t\t\t<\/div>\n\t\t\t\t<\/div>\n\t\t\t\t\t<\/div>\n\t\t\t\t<\/div>\n\t\t<div class=\"elementor-element elementor-element-edcaa4d e-flex e-con-boxed elementor-invisible e-con e-parent\" data-id=\"edcaa4d\" data-element_type=\"container\" data-e-type=\"container\" data-settings=\"{&quot;background_background&quot;:&quot;classic&quot;,&quot;shape_divider_bottom&quot;:&quot;curve&quot;,&quot;shape_divider_bottom_negative&quot;:&quot;yes&quot;,&quot;shape_divider_top&quot;:&quot;tilt&quot;,&quot;animation&quot;:&quot;fadeInRight&quot;}\">\n\t\t\t\t\t<div class=\"e-con-inner\">\n\t\t\t\t<div class=\"elementor-shape elementor-shape-top\" aria-hidden=\"true\" data-negative=\"false\">\n\t\t\t<svg xmlns=\"http:\/\/www.w3.org\/2000\/svg\" viewbox=\"0 0 1000 100\" preserveaspectratio=\"none\">\n\t<path class=\"elementor-shape-fill\" d=\"M0,6V0h1000v100L0,6z\"\/>\n<\/svg>\t\t<\/div>\n\t\t\t\t<div class=\"elementor-shape elementor-shape-bottom\" aria-hidden=\"true\" data-negative=\"true\">\n\t\t\t<svg xmlns=\"http:\/\/www.w3.org\/2000\/svg\" viewbox=\"0 0 1000 100\" preserveaspectratio=\"none\">\n\t<path class=\"elementor-shape-fill\" d=\"M500,97C126.7,96.3,0.8,19.8,0,0v100l1000,0V1C1000,19.4,873.3,97.8,500,97z\"\/>\n<\/svg>\t\t<\/div>\n\t\t<div class=\"elementor-element elementor-element-515fea2 e-con-full e-flex e-con e-child\" data-id=\"515fea2\" data-element_type=\"container\" data-e-type=\"container\">\n\t\t\t\t<div class=\"elementor-element elementor-element-73b0c79 elementor-widget elementor-widget-heading\" data-id=\"73b0c79\" data-element_type=\"widget\" data-e-type=\"widget\" data-widget_type=\"heading.default\">\n\t\t\t\t<div class=\"elementor-widget-container\">\n\t\t\t\t\t<h2 class=\"elementor-heading-title elementor-size-xl\">Discover our houses<\/h2>\t\t\t\t<\/div>\n\t\t\t\t<\/div>\n\t\t\t\t<div class=\"elementor-element elementor-element-eacb9b9 elementor-widget elementor-widget-video\" data-id=\"eacb9b9\" data-element_type=\"widget\" data-e-type=\"widget\" data-settings=\"{&quot;show_image_overlay&quot;:&quot;yes&quot;,&quot;image_overlay&quot;:{&quot;url&quot;:&quot;https:\\\/\\\/casasdosvimes.pt\\\/wp-content\\\/uploads\\\/2025\\\/03\\\/casas-dos-vimes-11.jpg&quot;,&quot;id&quot;:40,&quot;size&quot;:&quot;&quot;,&quot;alt&quot;:&quot;&quot;,&quot;source&quot;:&quot;library&quot;},&quot;lightbox&quot;:&quot;yes&quot;,&quot;video_type&quot;:&quot;hosted&quot;,&quot;controls&quot;:&quot;yes&quot;}\" data-widget_type=\"video.default\">\n\t\t\t\t<div class=\"elementor-widget-container\">\n\t\t\t\t\t\t\t<div class=\"e-hosted-video elementor-wrapper elementor-open-lightbox\">\n\t\t\t\t\t\t\t<div class=\"elementor-custom-embed-image-overlay\" data-elementor-open-lightbox=\"yes\" data-elementor-lightbox=\"{&quot;type&quot;:&quot;video&quot;,&quot;videoType&quot;:&quot;hosted&quot;,&quot;url&quot;:&quot;https:\\\/\\\/casasdosvimes.pt\\\/wp-content\\\/uploads\\\/2025\\\/04\\\/VID-20250122-WA0001.mp4&quot;,&quot;autoplay&quot;:&quot;&quot;,&quot;modalOptions&quot;:{&quot;id&quot;:&quot;elementor-lightbox-eacb9b9&quot;,&quot;entranceAnimation&quot;:&quot;&quot;,&quot;entranceAnimation_tablet&quot;:&quot;&quot;,&quot;entranceAnimation_mobile&quot;:&quot;&quot;,&quot;videoAspectRatio&quot;:&quot;169&quot;},&quot;videoParams&quot;:{&quot;controls&quot;:&quot;&quot;,&quot;preload&quot;:&quot;metadata&quot;,&quot;controlsList&quot;:&quot;nodownload&quot;}}\" data-e-action-hash=\"#elementor-action%3Aaction%3Dlightbox%26settings%3DeyJ0eXBlIjoidmlkZW8iLCJ2aWRlb1R5cGUiOiJob3N0ZWQiLCJ1cmwiOiJodHRwczpcL1wvY2FzYXNkb3N2aW1lcy5wdFwvd3AtY29udGVudFwvdXBsb2Fkc1wvMjAyNVwvMDRcL1ZJRC0yMDI1MDEyMi1XQTAwMDEubXA0IiwiYXV0b3BsYXkiOiIiLCJtb2RhbE9wdGlvbnMiOnsiaWQiOiJlbGVtZW50b3ItbGlnaHRib3gtZWFjYjliOSIsImVudHJhbmNlQW5pbWF0aW9uIjoiIiwiZW50cmFuY2VBbmltYXRpb25fdGFibGV0IjoiIiwiZW50cmFuY2VBbmltYXRpb25fbW9iaWxlIjoiIiwidmlkZW9Bc3BlY3RSYXRpbyI6IjE2OSJ9LCJ2aWRlb1BhcmFtcyI6eyJjb250cm9scyI6IiIsInByZWxvYWQiOiJtZXRhZGF0YSIsImNvbnRyb2xzTGlzdCI6Im5vZG93bmxvYWQifX0%3D\">\n\t\t\t\t\t\t\t\t\t\t\t<img decoding=\"async\" width=\"2000\" height=\"1500\" src=\"https:\/\/casasdosvimes.pt\/wp-content\/uploads\/2025\/03\/casas-dos-vimes-11.jpg\" class=\"attachment-full size-full wp-image-40\" alt=\"Faj\u00e3 dos Vimes\" srcset=\"https:\/\/casasdosvimes.pt\/wp-content\/uploads\/2025\/03\/casas-dos-vimes-11.jpg 2000w, https:\/\/casasdosvimes.pt\/wp-content\/uploads\/2025\/03\/casas-dos-vimes-11-300x225.jpg 300w, https:\/\/casasdosvimes.pt\/wp-content\/uploads\/2025\/03\/casas-dos-vimes-11-1024x768.jpg 1024w, https:\/\/casasdosvimes.pt\/wp-content\/uploads\/2025\/03\/casas-dos-vimes-11-768x576.jpg 768w, https:\/\/casasdosvimes.pt\/wp-content\/uploads\/2025\/03\/casas-dos-vimes-11-1536x1152.jpg 1536w\" sizes=\"(max-width: 2000px) 100vw, 2000px\" \/>\t\t\t\t\t\t\t\t\t\t\t\t\t\t\t\t<div class=\"elementor-custom-embed-play\" role=\"button\" aria-label=\"Play Video\" tabindex=\"0\">\n\t\t\t\t\t\t\t<svg aria-hidden=\"true\" class=\"e-font-icon-svg e-eicon-play\" viewbox=\"0 0 1000 1000\" xmlns=\"http:\/\/www.w3.org\/2000\/svg\"><path d=\"M838 162C746 71 633 25 500 25 371 25 258 71 163 162 71 254 25 367 25 500 25 633 71 746 163 837 254 929 367 979 500 979 633 979 746 933 838 837 929 746 975 633 975 500 975 367 929 254 838 162M808 192C892 279 933 379 933 500 933 621 892 725 808 808 725 892 621 938 500 938 379 938 279 896 196 808 113 725 67 621 67 500 67 379 108 279 196 192 279 108 383 62 500 62 621 62 721 108 808 192M438 392V642L642 517 438 392Z\"><\/path><\/svg>\t\t\t\t\t\t<\/div>\n\t\t\t\t\t\t\t\t\t<\/div>\n\t\t\t\t\t<\/div>\n\t\t\t\t\t\t<\/div>\n\t\t\t\t<\/div>\n\t\t\t\t<\/div>\n\t\t\t\t\t<\/div>\n\t\t\t\t<\/div>\n\t\t<div class=\"elementor-element elementor-element-7a6e31c e-flex e-con-boxed e-con e-parent\" data-id=\"7a6e31c\" data-element_type=\"container\" data-e-type=\"container\" data-settings=\"{&quot;background_background&quot;:&quot;classic&quot;,&quot;shape_divider_top&quot;:&quot;tilt&quot;}\">\n\t\t\t\t\t<div class=\"e-con-inner\">\n\t\t\t\t<div class=\"elementor-shape elementor-shape-top\" aria-hidden=\"true\" data-negative=\"false\">\n\t\t\t<svg xmlns=\"http:\/\/www.w3.org\/2000\/svg\" viewbox=\"0 0 1000 100\" preserveaspectratio=\"none\">\n\t<path class=\"elementor-shape-fill\" d=\"M0,6V0h1000v100L0,6z\"\/>\n<\/svg>\t\t<\/div>\n\t\t<div class=\"elementor-element elementor-element-c344e4a e-con-full e-flex e-con e-child\" data-id=\"c344e4a\" data-element_type=\"container\" data-e-type=\"container\">\n\t\t\t\t<div class=\"elementor-element elementor-element-67b603b elementor-widget-divider--view-line_text elementor-widget-divider--element-align-center elementor-widget elementor-widget-divider\" data-id=\"67b603b\" data-element_type=\"widget\" data-e-type=\"widget\" data-widget_type=\"divider.default\">\n\t\t\t\t<div class=\"elementor-widget-container\">\n\t\t\t\t\t\t\t<div class=\"elementor-divider\">\n\t\t\t<span class=\"elementor-divider-separator\">\n\t\t\t\t\t\t\t<h3 class=\"elementor-divider__text elementor-divider__element\">\n\t\t\t\tCasas dos Vimes\t\t\t\t<\/h3>\n\t\t\t\t\t\t<\/span>\n\t\t<\/div>\n\t\t\t\t\t\t<\/div>\n\t\t\t\t<\/div>\n\t\t\t\t<div class=\"elementor-element elementor-element-09c4275 elementor-widget elementor-widget-heading\" data-id=\"09c4275\" data-element_type=\"widget\" data-e-type=\"widget\" data-widget_type=\"heading.default\">\n\t\t\t\t<div class=\"elementor-widget-container\">\n\t\t\t\t\t<h2 class=\"elementor-heading-title elementor-size-default\">Our Houses<\/h2>\t\t\t\t<\/div>\n\t\t\t\t<\/div>\n\t\t<div class=\"elementor-element elementor-element-5ceab86 e-con-full e-flex e-con e-child\" data-id=\"5ceab86\" data-element_type=\"container\" data-e-type=\"container\">\n\t\t<div class=\"elementor-element elementor-element-27fdb4e e-con-full e-flex e-con e-child\" data-id=\"27fdb4e\" data-element_type=\"container\" data-e-type=\"container\">\n\t\t\t\t<div class=\"elementor-element elementor-element-9be1edc elementor-widget elementor-widget-image\" data-id=\"9be1edc\" data-element_type=\"widget\" data-e-type=\"widget\" data-widget_type=\"image.default\">\n\t\t\t\t<div class=\"elementor-widget-container\">\n\t\t\t\t\t\t\t\t\t\t\t\t<figure class=\"wp-caption\">\n\t\t\t\t\t\t\t\t\t\t<img decoding=\"async\" width=\"1024\" height=\"771\" src=\"https:\/\/casasdosvimes.pt\/wp-content\/uploads\/2025\/04\/casas-dos-vimes-25-1024x771.jpg\" class=\"attachment-large size-large wp-image-147\" alt=\"Casa da Tia Lopes\" srcset=\"https:\/\/casasdosvimes.pt\/wp-content\/uploads\/2025\/04\/casas-dos-vimes-25-1024x771.jpg 1024w, https:\/\/casasdosvimes.pt\/wp-content\/uploads\/2025\/04\/casas-dos-vimes-25-300x226.jpg 300w, https:\/\/casasdosvimes.pt\/wp-content\/uploads\/2025\/04\/casas-dos-vimes-25-768x578.jpg 768w, https:\/\/casasdosvimes.pt\/wp-content\/uploads\/2025\/04\/casas-dos-vimes-25-1536x1156.jpg 1536w, https:\/\/casasdosvimes.pt\/wp-content\/uploads\/2025\/04\/casas-dos-vimes-25.jpg 1736w\" sizes=\"(max-width: 1024px) 100vw, 1024px\" \/>\t\t\t\t\t\t\t\t\t\t\t<figcaption class=\"widget-image-caption wp-caption-text\"><\/figcaption>\n\t\t\t\t\t\t\t\t\t\t<\/figure>\n\t\t\t\t\t\t\t\t\t<\/div>\n\t\t\t\t<\/div>\n\t\t\t\t<div class=\"elementor-element elementor-element-bc91a40 elementor-widget elementor-widget-heading\" data-id=\"bc91a40\" data-element_type=\"widget\" data-e-type=\"widget\" data-widget_type=\"heading.default\">\n\t\t\t\t<div class=\"elementor-widget-container\">\n\t\t\t\t\t<h3 class=\"elementor-heading-title elementor-size-default\"><a href=\"https:\/\/casasdosvimes.pt\/en\/casa-da-tia-lopes\/\" target=\"_blank\">Casa da Tia Lopes<\/a><\/h3>\t\t\t\t<\/div>\n\t\t\t\t<\/div>\n\t\t\t\t<div class=\"elementor-element elementor-element-543284e elementor-widget elementor-widget-text-editor\" data-id=\"543284e\" data-element_type=\"widget\" data-e-type=\"widget\" data-widget_type=\"text-editor.default\">\n\t\t\t\t<div class=\"elementor-widget-container\">\n\t\t\t\t\t\t\t\t\t<p>House with 3 bedrooms, 1 full kitchen, 3 bathrooms, an outdoor barbecue and a magnificent terrace with mountain views, located close to the sea.<\/p>\t\t\t\t\t\t\t\t<\/div>\n\t\t\t\t<\/div>\n\t\t\t\t<\/div>\n\t\t<div class=\"elementor-element elementor-element-4e3ed14 e-con-full e-flex e-con e-child\" data-id=\"4e3ed14\" data-element_type=\"container\" data-e-type=\"container\">\n\t\t\t\t<div class=\"elementor-element elementor-element-3dc6764 elementor-widget elementor-widget-image\" data-id=\"3dc6764\" data-element_type=\"widget\" data-e-type=\"widget\" data-widget_type=\"image.default\">\n\t\t\t\t<div class=\"elementor-widget-container\">\n\t\t\t\t\t\t\t\t\t\t\t\t\t\t\t<img loading=\"lazy\" decoding=\"async\" width=\"1023\" height=\"768\" src=\"https:\/\/casasdosvimes.pt\/wp-content\/uploads\/2025\/03\/casas-dos-vimes-15.jpg\" class=\"attachment-large size-large wp-image-42\" alt=\"Casa das Tias Bentas\" srcset=\"https:\/\/casasdosvimes.pt\/wp-content\/uploads\/2025\/03\/casas-dos-vimes-15.jpg 1023w, https:\/\/casasdosvimes.pt\/wp-content\/uploads\/2025\/03\/casas-dos-vimes-15-300x225.jpg 300w, https:\/\/casasdosvimes.pt\/wp-content\/uploads\/2025\/03\/casas-dos-vimes-15-768x577.jpg 768w\" sizes=\"(max-width: 1023px) 100vw, 1023px\" \/>\t\t\t\t\t\t\t\t\t\t\t\t\t\t\t<\/div>\n\t\t\t\t<\/div>\n\t\t\t\t<div class=\"elementor-element elementor-element-d23a474 elementor-widget elementor-widget-heading\" data-id=\"d23a474\" data-element_type=\"widget\" data-e-type=\"widget\" data-widget_type=\"heading.default\">\n\t\t\t\t<div class=\"elementor-widget-container\">\n\t\t\t\t\t<h3 class=\"elementor-heading-title elementor-size-default\"><a href=\"https:\/\/casasdosvimes.pt\/en\/casa-das-tias-bentas\/\" target=\"_blank\">Casa das Tias Bentas<\/a><\/h3>\t\t\t\t<\/div>\n\t\t\t\t<\/div>\n\t\t\t\t<div class=\"elementor-element elementor-element-8ed708c elementor-widget elementor-widget-text-editor\" data-id=\"8ed708c\" data-element_type=\"widget\" data-e-type=\"widget\" data-widget_type=\"text-editor.default\">\n\t\t\t\t<div class=\"elementor-widget-container\">\n\t\t\t\t\t\t\t\t\t<p>House with 2 bedrooms, 1 living room with sofa bed, 1 full kitchen and 3 bathrooms, as well as an outdoor barbecue and a magnificent terrace and garden with views of the faj\u00e3 and the mountain.<\/p>\t\t\t\t\t\t\t\t<\/div>\n\t\t\t\t<\/div>\n\t\t\t\t<\/div>\n\t\t<div class=\"elementor-element elementor-element-7b1ca24 e-con-full e-flex e-con e-child\" data-id=\"7b1ca24\" data-element_type=\"container\" data-e-type=\"container\">\n\t\t\t\t<div class=\"elementor-element elementor-element-f6d6540 elementor-widget elementor-widget-image\" data-id=\"f6d6540\" data-element_type=\"widget\" data-e-type=\"widget\" data-widget_type=\"image.default\">\n\t\t\t\t<div class=\"elementor-widget-container\">\n\t\t\t\t\t\t\t\t\t\t\t\t\t\t\t<img loading=\"lazy\" decoding=\"async\" width=\"853\" height=\"640\" src=\"https:\/\/casasdosvimes.pt\/wp-content\/uploads\/2025\/04\/casa_tia_arminda.webp\" class=\"attachment-large size-large wp-image-141\" alt=\"Casa da Tia Arminda\" srcset=\"https:\/\/casasdosvimes.pt\/wp-content\/uploads\/2025\/04\/casa_tia_arminda.webp 853w, https:\/\/casasdosvimes.pt\/wp-content\/uploads\/2025\/04\/casa_tia_arminda-300x225.webp 300w, https:\/\/casasdosvimes.pt\/wp-content\/uploads\/2025\/04\/casa_tia_arminda-768x576.webp 768w\" sizes=\"(max-width: 853px) 100vw, 853px\" \/>\t\t\t\t\t\t\t\t\t\t\t\t\t\t\t<\/div>\n\t\t\t\t<\/div>\n\t\t\t\t<div class=\"elementor-element elementor-element-565399b elementor-widget elementor-widget-heading\" data-id=\"565399b\" data-element_type=\"widget\" data-e-type=\"widget\" data-widget_type=\"heading.default\">\n\t\t\t\t<div class=\"elementor-widget-container\">\n\t\t\t\t\t<h3 class=\"elementor-heading-title elementor-size-default\"><a href=\"https:\/\/casasdosvimes.pt\/en\/casa-da-tia-arminda\/\" target=\"_blank\">Casa da Tia Arminda<\/a><\/h3>\t\t\t\t<\/div>\n\t\t\t\t<\/div>\n\t\t\t\t<div class=\"elementor-element elementor-element-a9e5fa1 elementor-widget elementor-widget-text-editor\" data-id=\"a9e5fa1\" data-element_type=\"widget\" data-e-type=\"widget\" data-widget_type=\"text-editor.default\">\n\t\t\t\t<div class=\"elementor-widget-container\">\n\t\t\t\t\t\t\t\t\t<p>House with 3 bedrooms, 1 small living room, 1 full kitchen and 3 bathrooms, as well as an outdoor barbecue and a magnificent terrace with views of the faj\u00e3 and the islands of Pico and Faial.<\/p>\t\t\t\t\t\t\t\t<\/div>\n\t\t\t\t<\/div>\n\t\t\t\t<\/div>\n\t\t<div class=\"elementor-element elementor-element-8d2bb8e e-con-full e-flex e-con e-child\" data-id=\"8d2bb8e\" data-element_type=\"container\" data-e-type=\"container\">\n\t\t\t\t<div class=\"elementor-element elementor-element-efa5d5a elementor-widget elementor-widget-image\" data-id=\"efa5d5a\" data-element_type=\"widget\" data-e-type=\"widget\" data-widget_type=\"image.default\">\n\t\t\t\t<div class=\"elementor-widget-container\">\n\t\t\t\t\t\t\t\t\t\t\t\t\t\t\t<img loading=\"lazy\" decoding=\"async\" width=\"1024\" height=\"768\" src=\"https:\/\/casasdosvimes.pt\/wp-content\/uploads\/2025\/04\/palheiro.jpg\" class=\"attachment-large size-large wp-image-148\" alt=\"Palheiro das Tias Bentas\" srcset=\"https:\/\/casasdosvimes.pt\/wp-content\/uploads\/2025\/04\/palheiro.jpg 1024w, https:\/\/casasdosvimes.pt\/wp-content\/uploads\/2025\/04\/palheiro-300x225.jpg 300w, https:\/\/casasdosvimes.pt\/wp-content\/uploads\/2025\/04\/palheiro-768x576.jpg 768w\" sizes=\"(max-width: 1024px) 100vw, 1024px\" \/>\t\t\t\t\t\t\t\t\t\t\t\t\t\t\t<\/div>\n\t\t\t\t<\/div>\n\t\t\t\t<div class=\"elementor-element elementor-element-9c8d793 elementor-widget elementor-widget-heading\" data-id=\"9c8d793\" data-element_type=\"widget\" data-e-type=\"widget\" data-widget_type=\"heading.default\">\n\t\t\t\t<div class=\"elementor-widget-container\">\n\t\t\t\t\t<h3 class=\"elementor-heading-title elementor-size-default\"><a href=\"https:\/\/casasdosvimes.pt\/en\/palheiro-das-tias-bentas\/\" target=\"_blank\">Palheiro das Tias Bentas<\/a><\/h3>\t\t\t\t<\/div>\n\t\t\t\t<\/div>\n\t\t\t\t<div class=\"elementor-element elementor-element-183abad elementor-widget elementor-widget-text-editor\" data-id=\"183abad\" data-element_type=\"widget\" data-e-type=\"widget\" data-widget_type=\"text-editor.default\">\n\t\t\t\t<div class=\"elementor-widget-container\">\n\t\t\t\t\t\t\t\t\t<p>One-bedroom house with a kitchen and sofa bed on the ground floor, and a bedroom with a double bed, a small all-in-one and a bathroom on the first floor. It also has a barbecue, a dining area and a garden outside, with views of the faj\u00e3.<\/p>\t\t\t\t\t\t\t\t<\/div>\n\t\t\t\t<\/div>\n\t\t\t\t<\/div>\n\t\t\t\t<\/div>\n\t\t\t\t<\/div>\n\t\t\t\t\t<\/div>\n\t\t\t\t<\/div>\n\t\t<div class=\"elementor-element elementor-element-e96f376 e-flex e-con-boxed e-con e-parent\" data-id=\"e96f376\" data-element_type=\"container\" data-e-type=\"container\" data-settings=\"{&quot;background_background&quot;:&quot;classic&quot;}\">\n\t\t\t\t\t<div class=\"e-con-inner\">\n\t\t\t\t<div class=\"elementor-element elementor-element-9faee32 elementor-widget elementor-widget-heading\" data-id=\"9faee32\" data-element_type=\"widget\" data-e-type=\"widget\" data-widget_type=\"heading.default\">\n\t\t\t\t<div class=\"elementor-widget-container\">\n\t\t\t\t\t<h2 class=\"elementor-heading-title elementor-size-default\">Faj\u00e3 dos Vimes<\/h2>\t\t\t\t<\/div>\n\t\t\t\t<\/div>\n\t\t\t\t<div class=\"elementor-element elementor-element-9932e13 elementor-widget elementor-widget-text-editor\" data-id=\"9932e13\" data-element_type=\"widget\" data-e-type=\"widget\" data-widget_type=\"text-editor.default\">\n\t\t\t\t<div class=\"elementor-widget-container\">\n\t\t\t\t\t\t\t\t\t<p>Faj\u00e3 dos Vimes, a biosphere space, is located on a detrital platform that kisses the sea and is protected by the mountains. It benefits from a microclimate that provides it with different agricultural crops, especially the production of coffee and yams (ancestral crops). The first is one of the references of this Faj\u00e3 and the second motivated the greatest social revolt in the Azores, known as the yam riot, which involved the entire island of S\u00e3o Jorge and is embodied in the heraldry of the Municipality, which displays two leaves of this rhizome on its coat of arms.<\/p><p>This Faj\u00e3 is also the crossroads of several trails, and is a place ideal for overnight stays for those who use them, especially those who decide to follow the great S\u00e3o Jorge route. From this location, it is also possible to follow the Fragueira trail (where the conductor and composer Francisco de Lacerda lived), visit the Faj\u00e3 dos Bodes and the Faj\u00e3 do Cavalete, as well as reach the Faj\u00e3 da Caldeira de Santo Cristo, going up and down the back of the island through breathtaking landscapes.<\/p>\t\t\t\t\t\t\t\t<\/div>\n\t\t\t\t<\/div>\n\t\t\t\t\t<\/div>\n\t\t\t\t<\/div>\n\t\t\t\t<\/div>","protected":false},"excerpt":{"rendered":"<p>Casas dos Vimes Turismo Rural As Casas dos Vimes s\u00e3o uma esturura de turismo rural, consistindo em quatro casas e um apartamento de arquitetura tradicional, situados numa das mais belas Faj\u00e3s da Ilha de S\u00e3o Jorge, nos A\u00e7ores. Proporcionam alojamento em espa\u00e7o rural na modalidade de casas de campo, integradas na Reserva da Biosfera. A [&hellip;]<\/p>\n","protected":false},"author":1,"featured_media":0,"parent":0,"menu_order":0,"comment_status":"closed","ping_status":"closed","template":"","meta":{"footnotes":""},"class_list":["post-11","page","type-page","status-publish","hentry"],"blocksy_meta":{"has_hero_section":"disabled","styles_descriptor":{"styles":{"desktop":"","tablet":"","mobile":""},"google_fonts":[],"version":6},"content_style_source":"inherit","vertical_spacing_source":"custom","content_area_spacing":"none","disable_share_box":"yes","disable_featured_image":"yes"},"_links":{"self":[{"href":"https:\/\/casasdosvimes.pt\/en\/wp-json\/wp\/v2\/pages\/11","targetHints":{"allow":["GET"]}}],"collection":[{"href":"https:\/\/casasdosvimes.pt\/en\/wp-json\/wp\/v2\/pages"}],"about":[{"href":"https:\/\/casasdosvimes.pt\/en\/wp-json\/wp\/v2\/types\/page"}],"author":[{"embeddable":true,"href":"https:\/\/casasdosvimes.pt\/en\/wp-json\/wp\/v2\/users\/1"}],"replies":[{"embeddable":true,"href":"https:\/\/casasdosvimes.pt\/en\/wp-json\/wp\/v2\/comments?post=11"}],"version-history":[{"count":454,"href":"https:\/\/casasdosvimes.pt\/en\/wp-json\/wp\/v2\/pages\/11\/revisions"}],"predecessor-version":[{"id":1076,"href":"https:\/\/casasdosvimes.pt\/en\/wp-json\/wp\/v2\/pages\/11\/revisions\/1076"}],"wp:attachment":[{"href":"https:\/\/casasdosvimes.pt\/en\/wp-json\/wp\/v2\/media?parent=11"}],"curies":[{"name":"wp","href":"https:\/\/api.w.org\/{rel}","templated":true}]}}